{"id":297,"date":"2022-08-31T03:34:40","date_gmt":"2022-08-31T03:34:40","guid":{"rendered":"https:\/\/www.birlikklise.com.tr\/?page_id=297"},"modified":"2022-09-07T21:04:03","modified_gmt":"2022-09-07T21:04:03","slug":"nasil-yapiyoruz","status":"publish","type":"page","link":"https:\/\/www.birlikklise.com.tr\/ar\/nasil-yapiyoruz\/","title":{"rendered":"\u0643\u06cc\u0641 \u0646\u0641\u0639\u0644 \u061f"},"content":{"rendered":"<div data-elementor-type=\"wp-page\" data-elementor-id=\"297\" class=\"elementor elementor-297\">\n\t\t\t\t\t\t<div class=\"elementor-inner\">\n\t\t\t\t<div class=\"elementor-section-wrap\">\n\t\t\t\t\t\t\t\t\t<section class=\"elementor-section elementor-top-section elementor-element elementor-element-3cfb0bc elementor-section-full_width elementor-section-height-default elementor-section-height-default\" data-id=\"3cfb0bc\" data-element_type=\"section\">\n\t\t\t\t\t\t<div class=\"elementor-container elementor-column-gap-default\">\n\t\t\t\t\t\t\t<div class=\"elementor-row\">\n\t\t\t\t\t<div class=\"aux-parallax-section elementor-column elementor-col-100 elementor-top-column elementor-element elementor-element-46e5fec\" data-id=\"46e5fec\" data-element_type=\"column\">\n\t\t\t<div class=\"elementor-column-wrap elementor-element-populated\">\n\t\t\t\t\t\t\t<div class=\"elementor-widget-wrap\">\n\t\t\t\t\t\t<div class=\"elementor-element elementor-element-4249557 ha-image-grid--even elementor-widget elementor-widget-ha-image-grid happy-addon ha-image-grid\" data-id=\"4249557\" data-element_type=\"widget\" data-settings=\"{&quot;layout&quot;:&quot;even&quot;,&quot;enable_popup&quot;:&quot;yes&quot;}\" data-widget_type=\"ha-image-grid.default\">\n\t\t\t\t<div class=\"elementor-widget-container\">\n\t\t\t\n\t\t<div class=\"ha-image-grid__wrap hajs-isotope ha-lightbox--has\">\n\t\t\t\t\t\t\t\n\t\t\t\t<a href=\"#\" data-mfp-src=\"https:\/\/www.birlikklise.com.tr\/wp-content\/uploads\/2022\/09\/1.jpg\" class=\"ha-image-grid__item ha-js-lightbox __fltr-1\">\n\t\t\t\t\t<img width=\"300\" height=\"300\" src=\"https:\/\/www.birlikklise.com.tr\/wp-content\/uploads\/2022\/09\/1-300x300.jpg\" class=\"elementor-animation-grow\" alt=\"\" decoding=\"async\" loading=\"lazy\" srcset=\"https:\/\/www.birlikklise.com.tr\/wp-content\/uploads\/2022\/09\/1-300x300.jpg 300w, https:\/\/www.birlikklise.com.tr\/wp-content\/uploads\/2022\/09\/1-150x150.jpg 150w\" sizes=\"(max-width: 300px) 100vw, 300px\" \/>\t\t\t\t<\/a>\n\t\t\t\t\t\t\t\n\t\t\t\t<a href=\"#\" data-mfp-src=\"https:\/\/www.birlikklise.com.tr\/wp-content\/uploads\/2022\/09\/2.jpg\" class=\"ha-image-grid__item ha-js-lightbox __fltr-1\">\n\t\t\t\t\t<img width=\"300\" height=\"300\" src=\"https:\/\/www.birlikklise.com.tr\/wp-content\/uploads\/2022\/09\/2-300x300.jpg\" class=\"elementor-animation-grow\" alt=\"\" decoding=\"async\" loading=\"lazy\" srcset=\"https:\/\/www.birlikklise.com.tr\/wp-content\/uploads\/2022\/09\/2-300x300.jpg 300w, https:\/\/www.birlikklise.com.tr\/wp-content\/uploads\/2022\/09\/2-150x150.jpg 150w\" sizes=\"(max-width: 300px) 100vw, 300px\" \/>\t\t\t\t<\/a>\n\t\t\t\t\t\t\t\n\t\t\t\t<a href=\"#\" data-mfp-src=\"https:\/\/www.birlikklise.com.tr\/wp-content\/uploads\/2022\/09\/3.jpg\" class=\"ha-image-grid__item ha-js-lightbox __fltr-1\">\n\t\t\t\t\t<img width=\"300\" height=\"300\" src=\"https:\/\/www.birlikklise.com.tr\/wp-content\/uploads\/2022\/09\/3-300x300.jpg\" class=\"elementor-animation-grow\" alt=\"\" decoding=\"async\" loading=\"lazy\" srcset=\"https:\/\/www.birlikklise.com.tr\/wp-content\/uploads\/2022\/09\/3-300x300.jpg 300w, https:\/\/www.birlikklise.com.tr\/wp-content\/uploads\/2022\/09\/3-150x150.jpg 150w\" sizes=\"(max-width: 300px) 100vw, 300px\" \/>\t\t\t\t<\/a>\n\t\t\t\t\t\t\t\n\t\t\t\t<a href=\"#\" data-mfp-src=\"https:\/\/www.birlikklise.com.tr\/wp-content\/uploads\/2022\/09\/4.jpg\" class=\"ha-image-grid__item ha-js-lightbox __fltr-1\">\n\t\t\t\t\t<img width=\"300\" height=\"300\" src=\"https:\/\/www.birlikklise.com.tr\/wp-content\/uploads\/2022\/09\/4-300x300.jpg\" class=\"elementor-animation-grow\" alt=\"\" decoding=\"async\" loading=\"lazy\" srcset=\"https:\/\/www.birlikklise.com.tr\/wp-content\/uploads\/2022\/09\/4-300x300.jpg 300w, https:\/\/www.birlikklise.com.tr\/wp-content\/uploads\/2022\/09\/4-150x150.jpg 150w\" sizes=\"(max-width: 300px) 100vw, 300px\" \/>\t\t\t\t<\/a>\n\t\t\t\t\t\t\t\n\t\t\t\t<a href=\"#\" data-mfp-src=\"https:\/\/www.birlikklise.com.tr\/wp-content\/uploads\/2022\/09\/5.jpg\" class=\"ha-image-grid__item ha-js-lightbox __fltr-1\">\n\t\t\t\t\t<img width=\"300\" height=\"300\" src=\"https:\/\/www.birlikklise.com.tr\/wp-content\/uploads\/2022\/09\/5-300x300.jpg\" class=\"elementor-animation-grow\" alt=\"\" decoding=\"async\" loading=\"lazy\" srcset=\"https:\/\/www.birlikklise.com.tr\/wp-content\/uploads\/2022\/09\/5-300x300.jpg 300w, https:\/\/www.birlikklise.com.tr\/wp-content\/uploads\/2022\/09\/5-150x150.jpg 150w\" sizes=\"(max-width: 300px) 100vw, 300px\" \/>\t\t\t\t<\/a>\n\t\t\t\t\t<\/div>\n\n\t\t\t\t<\/div>\n\t\t\t\t<\/div>\n\t\t\t\t<div class=\"elementor-element elementor-element-4969b34 elementor-widget elementor-widget-toggle\" data-id=\"4969b34\" data-element_type=\"widget\" data-widget_type=\"toggle.default\">\n\t\t\t\t<div class=\"elementor-widget-container\">\n\t\t\t\t\t<div class=\"elementor-toggle\" role=\"tablist\">\n\t\t\t\t\t\t\t<div class=\"elementor-toggle-item\">\n\t\t\t\t\t<div id=\"elementor-tab-title-7691\" class=\"elementor-tab-title\" data-tab=\"1\" role=\"tab\" aria-controls=\"elementor-tab-content-7691\" aria-expanded=\"false\">\n\t\t\t\t\t\t\t\t\t\t\t\t<span class=\"elementor-toggle-icon elementor-toggle-icon-right\" aria-hidden=\"true\">\n\t\t\t\t\t\t\t\t\t\t\t\t\t\t\t<span class=\"elementor-toggle-icon-closed\"><i class=\"fas fa-caret-left\"><\/i><\/span>\n\t\t\t\t\t\t\t\t<span class=\"elementor-toggle-icon-opened\"><i class=\"elementor-toggle-icon-opened fas fa-caret-up\"><\/i><\/span>\n\t\t\t\t\t\t\t\t\t\t\t\t\t<\/span>\n\t\t\t\t\t\t\t\t\t\t\t\t<a href=\"\" class=\"elementor-toggle-title\">\u062c\u064a \u0625\u0645 \u062c\u064a \u0643\u0648\u0644\u0648\u0631\u0628\u0631\u0648\u0641<\/a>\n\t\t\t\t\t<\/div>\n\n\t\t\t\t\t<div id=\"elementor-tab-content-7691\" class=\"elementor-tab-content elementor-clearfix\" data-tab=\"1\" role=\"tabpanel\" aria-labelledby=\"elementor-tab-title-7691\"><p>\u0646\u0642\u0648\u0645 \u0628\u0639\u0645\u0644 \u0628\u0635\u0645\u0629 \u0623\u0644\u0648\u0627\u0646 \u062e\u0627\u0635\u0629 (\u0645\u0644\u0641 \u0623\u0644\u0648\u0627\u0646 \u062a\u0639\u0631\u06cc\u0641\u064a) \u0644\u0643\u0644 \u0645\u0646 \u0639\u0645\u0644\u0627\u0626\u0646\u0627 \u0641\u064a \u0646\u0638\u0627\u0645\u0646\u0627.<\/p><\/div>\n\t\t\t\t<\/div>\n\t\t\t\t\t\t\t<div class=\"elementor-toggle-item\">\n\t\t\t\t\t<div id=\"elementor-tab-title-7692\" class=\"elementor-tab-title\" data-tab=\"2\" role=\"tab\" aria-controls=\"elementor-tab-content-7692\" aria-expanded=\"false\">\n\t\t\t\t\t\t\t\t\t\t\t\t<span class=\"elementor-toggle-icon elementor-toggle-icon-right\" aria-hidden=\"true\">\n\t\t\t\t\t\t\t\t\t\t\t\t\t\t\t<span class=\"elementor-toggle-icon-closed\"><i class=\"fas fa-caret-left\"><\/i><\/span>\n\t\t\t\t\t\t\t\t<span class=\"elementor-toggle-icon-opened\"><i class=\"elementor-toggle-icon-opened fas fa-caret-up\"><\/i><\/span>\n\t\t\t\t\t\t\t\t\t\t\t\t\t<\/span>\n\t\t\t\t\t\t\t\t\t\t\t\t<a href=\"\" class=\"elementor-toggle-title\">\u0625\u06cc\u0633\u0643\u0648 \u0623\u0631\u062a\u0628\u0631\u0648 \u060c \u0623\u0631\u062a\u0628\u0631\u0648+ \u060c \u0628\u0627\u0643\u06cc\u062f\u062c<\/a>\n\t\t\t\t\t<\/div>\n\n\t\t\t\t\t<div id=\"elementor-tab-content-7692\" class=\"elementor-tab-content elementor-clearfix\" data-tab=\"2\" role=\"tabpanel\" aria-labelledby=\"elementor-tab-title-7692\"><p>\u0645\u0646 \u062e\u0644\u0627\u0644 \u062a\u0642\u0646\u06cc\u0627\u062a \u0627\u0644\u0628\u0631\u0645\u062c\u06cc\u0627\u062a \u0627\u0644\u0631\u0627\u0626\u062f\u0629 \u0641\u064a \u0627\u0644\u0639\u0627\u0644\u0645 \u060c \u0646\u0642\u0648\u0645 \u0628\u0625\u0639\u062f\u0627\u062f \u0627\u0644\u0635\u0648\u0631 \u0645\u0646 \u0639\u0645\u0644\u0627\u0626\u0646\u0627 \u0644\u0637\u0628\u0627\u0639\u0629 \u0641\u0644\u06cc\u0643\u0633\u0648 \u0628\u0643\u0641\u0627\u0621\u0629 \u0648\u062d\u0645\u0627\u06cc\u0629 \u0639\u0645\u0644\u0627\u0626\u0646\u0627 \u0645\u0646 \u0627\u0644\u0645\u0634\u0643\u0644\u0627\u062a \u0627\u0644\u062a\u064a \u0642\u062f \u062a\u062d\u062f\u062b \u0623\u062b\u0646\u0627\u0621 \u0627\u0644\u0637\u0628\u0627\u0639\u0629 (\u0645\u062b\u0644 \u0627\u0633\u062a\u06be\u0644\u0627\u0643 \u0627\u0644\u062d\u0628\u0631 \u060c \u0648\u0627\u0644\u06be\u062f\u0631 \u060c \u0648\u0648\u0642\u062a \u0627\u0644\u0625\u0639\u062f\u0627\u062f).<\/p><\/div>\n\t\t\t\t<\/div>\n\t\t\t\t\t\t\t<div class=\"elementor-toggle-item\">\n\t\t\t\t\t<div id=\"elementor-tab-title-7693\" class=\"elementor-tab-title\" data-tab=\"3\" role=\"tab\" aria-controls=\"elementor-tab-content-7693\" aria-expanded=\"false\">\n\t\t\t\t\t\t\t\t\t\t\t\t<span class=\"elementor-toggle-icon elementor-toggle-icon-right\" aria-hidden=\"true\">\n\t\t\t\t\t\t\t\t\t\t\t\t\t\t\t<span class=\"elementor-toggle-icon-closed\"><i class=\"fas fa-caret-left\"><\/i><\/span>\n\t\t\t\t\t\t\t\t<span class=\"elementor-toggle-icon-opened\"><i class=\"elementor-toggle-icon-opened fas fa-caret-up\"><\/i><\/span>\n\t\t\t\t\t\t\t\t\t\t\t\t\t<\/span>\n\t\t\t\t\t\t\t\t\t\t\t\t<a href=\"\" class=\"elementor-toggle-title\">\u0625\u06cc\u0633\u0643\u0648 \u0625\u062a\u0634 \u062f\u064a \u0641\u0644\u06cc\u0643\u0633\u0648<\/a>\n\t\t\t\t\t<\/div>\n\n\t\t\t\t\t<div id=\"elementor-tab-content-7693\" class=\"elementor-tab-content elementor-clearfix\" data-tab=\"3\" role=\"tabpanel\" aria-labelledby=\"elementor-tab-title-7693\"><p>\u0628\u0631\u0646\u0627\u0645\u062c \u0627\u062a\u0634 \u062f\u064a \u0641\u0644\u06cc\u0643\u0633\u0648 \u0645\u0646 \u0625\u06cc\u0633\u0643\u0648 \u060c \u06be\u0648 \u0627\u0644\u0628\u0631\u0646\u0627\u0645\u062c \u0627\u0644\u0631\u0627\u0626\u062f \u0641\u064a \u0627\u0644\u0639\u0627\u0644\u0645 \u0641\u064a \u0645\u062c\u0627\u0644 \u0625\u0646\u062a\u0627\u062c \u0627\u0644\u0643\u0644\u06cc\u0634\u06cc\u06be\u0627\u062a \u060c \u06cc\u062f\u0639\u0645\u0646\u0627 \u0644\u0625\u0639\u062f\u0627\u062f \u062c\u0645\u06cc\u0639 \u0623\u0646\u0648\u0627\u0639 \u0627\u0644\u0643\u0644\u06cc\u0634\u06cc\u06be\u0627\u062a  \u0627\u0644\u0645\u0637\u0644\u0648\u0628\u0629 \u0645\u0646 \u0642\u0628\u0644 \u0639\u0645\u0644\u0627\u0626\u0646\u0627.<\/p><\/div>\n\t\t\t\t<\/div>\n\t\t\t\t\t\t\t<div class=\"elementor-toggle-item\">\n\t\t\t\t\t<div id=\"elementor-tab-title-7694\" class=\"elementor-tab-title\" data-tab=\"4\" role=\"tab\" aria-controls=\"elementor-tab-content-7694\" aria-expanded=\"false\">\n\t\t\t\t\t\t\t\t\t\t\t\t<span class=\"elementor-toggle-icon elementor-toggle-icon-right\" aria-hidden=\"true\">\n\t\t\t\t\t\t\t\t\t\t\t\t\t\t\t<span class=\"elementor-toggle-icon-closed\"><i class=\"fas fa-caret-left\"><\/i><\/span>\n\t\t\t\t\t\t\t\t<span class=\"elementor-toggle-icon-opened\"><i class=\"elementor-toggle-icon-opened fas fa-caret-up\"><\/i><\/span>\n\t\t\t\t\t\t\t\t\t\t\t\t\t<\/span>\n\t\t\t\t\t\t\t\t\t\t\t\t<a href=\"\" class=\"elementor-toggle-title\">\u0625\u06cc\u0633\u0643\u0648 \u0633\u064a \u062f\u064a \u0622\u064a<\/a>\n\t\t\t\t\t<\/div>\n\n\t\t\t\t\t<div id=\"elementor-tab-content-7694\" class=\"elementor-tab-content elementor-clearfix\" data-tab=\"4\" role=\"tabpanel\" aria-labelledby=\"elementor-tab-title-7694\"><p>\u0646\u0638\u0627\u0645 \u0633\u064a \u062f\u064a \u0622\u064a \u0645\u0646 \u0625\u06cc\u0633\u0643\u0648 \u060c \u0627\u0644\u0631\u0627\u0626\u062f \u0641\u064a \u0627\u0644\u0639\u0627\u0644\u0645 \u0641\u064a \u0645\u062c\u0627\u0644 \u0625\u0646\u062a\u0627\u062c \u0627\u0644\u0643\u0644\u06cc\u0634\u06cc\u06be\u0627\u062a \u060c \u062a\u0648\u0641\u0631 \u0644\u0646\u0627 \u0623\u0646 \u0646\u0642\u062f\u0645 \u0644\u0639\u0645\u0644\u0627\u0626\u0646\u0627 \u062c\u0645\u06cc\u0639 \u0623\u0646\u0648\u0627\u0639 \u062e\u062f\u0645\u0627\u062a \u062a\u062c\u06be\u06cc\u0632 \u0627\u0644\u0643\u0644\u06cc\u0634\u06cc\u06be\u0627\u062a \u0645\u062b\u0644 \u0627\u062a\u0634 \u062f\u064a\u060c \u0628\u0643\u0633\u0644+.<\/p><\/div>\n\t\t\t\t<\/div>\n\t\t\t\t\t\t\t<div class=\"elementor-toggle-item\">\n\t\t\t\t\t<div id=\"elementor-tab-title-7695\" class=\"elementor-tab-title\" data-tab=\"5\" role=\"tab\" aria-controls=\"elementor-tab-content-7695\" aria-expanded=\"false\">\n\t\t\t\t\t\t\t\t\t\t\t\t<span class=\"elementor-toggle-icon elementor-toggle-icon-right\" aria-hidden=\"true\">\n\t\t\t\t\t\t\t\t\t\t\t\t\t\t\t<span class=\"elementor-toggle-icon-closed\"><i class=\"fas fa-caret-left\"><\/i><\/span>\n\t\t\t\t\t\t\t\t<span class=\"elementor-toggle-icon-opened\"><i class=\"elementor-toggle-icon-opened fas fa-caret-up\"><\/i><\/span>\n\t\t\t\t\t\t\t\t\t\t\t\t\t<\/span>\n\t\t\t\t\t\t\t\t\t\t\t\t<a href=\"\" class=\"elementor-toggle-title\">\u0625\u06cc\u0633\u0643\u0648 \u0625\u0643\u0633 \u0628\u064a \u0625\u0633 \u0643\u0631\u06cc\u0633\u062a\u0627\u0644<\/a>\n\t\t\t\t\t<\/div>\n\n\t\t\t\t\t<div id=\"elementor-tab-content-7695\" class=\"elementor-tab-content elementor-clearfix\" data-tab=\"5\" role=\"tabpanel\" aria-labelledby=\"elementor-tab-title-7695\"><p>\u0628\u0627\u0633\u062a\u062e\u062f\u0627\u0645 \u062a\u0643\u0646\u0648\u0644\u0648\u062c\u06cc\u0627 \u0625\u06cc\u0633\u0643\u0648 \u0643\u0631\u06cc\u0633\u062a\u0627\u0644 \u060c \u0648\u06be\u064a \u0623\u0639\u0644\u0649 \u0627\u0644\u062a\u0643\u0646\u0648\u0644\u0648\u062c\u06cc\u0627 \u062a\u0645\u0627\u0645\u0627 \u0641\u064a \u062c\u0645\u06cc\u0639 \u0623\u0646\u062d\u0627\u0621 \u0627\u0644\u0639\u0627\u0644\u0645 \u0641\u064a \u0625\u0646\u062a\u0627\u062c \u0627\u0644\u0643\u0644\u06cc\u0634\u06cc\u06be\u0627\u062a \u0645\u0646 \u0646\u0627\u062d\u06cc\u0629 \u0627\u0644\u0628\u0631\u0645\u062c\u06cc\u0627\u062a \u0648\u0627\u0644\u0623\u062c\u06be\u0632\u0629 \u0648\u0646\u062d\u0646 \u0646\u0634\u0627\u0631\u0643 \u0639\u0645\u0644\u0627\u0626\u0646\u0627 \u062a\u062d\u062f\u06cc\u062b\u0627\u062a \u0627\u0644\u0645\u0639\u062f\u0627\u062a \u0628\u0648\u0642\u062a\u06be\u0627 \/ \u0627\u0644\u062a\u0643\u0646\u0648\u0644\u0648\u062c\u06cc\u0627 \u0639\u0644\u0649 \u0648\u062c\u06be \u0627\u0644\u062a\u062d\u062f\u06cc\u062f.<\/p><\/div>\n\t\t\t\t<\/div>\n\t\t\t\t\t\t\t<div class=\"elementor-toggle-item\">\n\t\t\t\t\t<div id=\"elementor-tab-title-7696\" class=\"elementor-tab-title\" data-tab=\"6\" role=\"tab\" aria-controls=\"elementor-tab-content-7696\" aria-expanded=\"false\">\n\t\t\t\t\t\t\t\t\t\t\t\t<span class=\"elementor-toggle-icon elementor-toggle-icon-right\" aria-hidden=\"true\">\n\t\t\t\t\t\t\t\t\t\t\t\t\t\t\t<span class=\"elementor-toggle-icon-closed\"><i class=\"fas fa-caret-left\"><\/i><\/span>\n\t\t\t\t\t\t\t\t<span class=\"elementor-toggle-icon-opened\"><i class=\"elementor-toggle-icon-opened fas fa-caret-up\"><\/i><\/span>\n\t\t\t\t\t\t\t\t\t\t\t\t\t<\/span>\n\t\t\t\t\t\t\t\t\t\t\t\t<a href=\"\" class=\"elementor-toggle-title\">\u0646\u0638\u0627\u0645 \u0627\u0644\u0642\u0637\u0639 \u0627\u0644\u0622\u0644\u064a \u0643\u0648\u0646\u063a\u0633\u0628\u0631\u063a<\/a>\n\t\t\t\t\t<\/div>\n\n\t\t\t\t\t<div id=\"elementor-tab-content-7696\" class=\"elementor-tab-content elementor-clearfix\" data-tab=\"6\" role=\"tabpanel\" aria-labelledby=\"elementor-tab-title-7696\"><p>\u0646\u0642\u0635 \u0627\u0644\u0643\u0644\u06cc\u0634\u06cc\u06be\u0627\u062a \u0627\u0644\u062a\u064a \u0627\u0646\u062a\u062c\u062a \u0628\u0623\u0639\u0644\u0649 \u062c\u0648\u062f \u0627\u0644\u062a\u064a \u0644\u0645 \u062a\u0644\u0645\u0633 \u0628\u0627\u0644\u0623\u06cc\u062f\u064a\u060c \u06be\u0627\u0645\u0634 \u0635\u0641\u0631 \u060c \u0628\u06be\u0630\u0647 \u0627\u0644\u062a\u0642\u0646\u06cc\u0629 \u0646\u0648\u0641\u0631 \u0627\u0644\u0648\u0642\u062a \u0648\u06be\u062f\u0631 \u0627\u0644\u0645\u0648\u0627\u062f \u0627\u062b\u0646\u0627\u0621 \u0627\u0644\u062a\u062c\u06be\u06cc\u0632 \u0644\u0644\u0637\u0628\u0627\u0639\u0629 \u0644\u062f\u0649 \u0639\u0645\u0644\u0627\u0626\u0646\u0627.<\/p><\/div>\n\t\t\t\t<\/div>\n\t\t\t\t\t\t\t<div class=\"elementor-toggle-item\">\n\t\t\t\t\t<div id=\"elementor-tab-title-7697\" class=\"elementor-tab-title\" data-tab=\"7\" role=\"tab\" aria-controls=\"elementor-tab-content-7697\" aria-expanded=\"false\">\n\t\t\t\t\t\t\t\t\t\t\t\t<span class=\"elementor-toggle-icon elementor-toggle-icon-right\" aria-hidden=\"true\">\n\t\t\t\t\t\t\t\t\t\t\t\t\t\t\t<span class=\"elementor-toggle-icon-closed\"><i class=\"fas fa-caret-left\"><\/i><\/span>\n\t\t\t\t\t\t\t\t<span class=\"elementor-toggle-icon-opened\"><i class=\"elementor-toggle-icon-opened fas fa-caret-up\"><\/i><\/span>\n\t\t\t\t\t\t\t\t\t\t\t\t\t<\/span>\n\t\t\t\t\t\t\t\t\t\t\t\t<a href=\"\" class=\"elementor-toggle-title\">\u062e\u0637\u0648\u0627\u062a \u0645\u0631\u0627\u0642\u0628\u0629 \u0627\u0644\u062c\u0648\u062f\u0629<\/a>\n\t\t\t\t\t<\/div>\n\n\t\t\t\t\t<div id=\"elementor-tab-content-7697\" class=\"elementor-tab-content elementor-clearfix\" data-tab=\"7\" role=\"tabpanel\" aria-labelledby=\"elementor-tab-title-7697\"><p>\u0646\u062d\u0646 \u0646\u0645\u0646\u0639 \u0627\u0644\u0623\u062e\u0637\u0627\u0621 \u0627\u0644\u0645\u062d\u062a\u0645\u0644\u0629 \u0639\u0646 \u0637\u0631\u06cc\u0642 \u062a\u0645\u0631\u06cc\u0631 \u0645\u0646\u062a\u062c\u0627\u062a\u0646\u0627 \u0645\u0646 \u062e\u0644\u0627\u0644 \u062c\u0645\u06cc\u0639 \u062e\u0637\u0648\u0627\u062a \u0627\u0644\u062a\u062f\u062d\u0642\u0642 \u0642\u0628\u0644 \u0648\u0628\u0639\u062f \u0625\u0646\u062a\u0627\u062c \u0627\u0644\u0643\u0644\u06cc\u0634\u06cc\u06be\u0627\u062a.<\/p><\/div>\n\t\t\t\t<\/div>\n\t\t\t\t\t\t\t\t<\/div>\n\t\t\t\t<\/div>\n\t\t\t\t<\/div>\n\t\t\t\t\t\t<\/div>\n\t\t\t\t\t<\/div>\n\t\t<\/div>\n\t\t\t\t\t\t\t\t<\/div>\n\t\t\t\t\t<\/div>\n\t\t<\/section>\n\t\t\t\t\t\t\t\t\t<\/div>\n\t\t\t<\/div>\n\t\t\t\t\t<\/div>","protected":false},"excerpt":{"rendered":"<p>Gmg ColorProof Her m\u00fc\u015fterimizin sistemimizdeki \u00f6zel parmak izini olu\u015fturuyoruz. Esko Artpro, Artpro+, Packedge D\u00fcnyan\u0131n lider yaz\u0131l\u0131mlar\u0131yla, m\u00fc\u015fterilerimizden gelen g\u00f6rselleri flekso bask\u0131ya g\u00f6re haz\u0131rl\u0131yor ve bask\u0131 esnas\u0131nda olu\u015fabilecek problemlerden m\u00fc\u015fterilerimizi koruyoruz. Esko HD Flexo D\u00fcnyan\u0131n lider kli\u015fe yaz\u0131l\u0131m \u00fcreticisi Esko\u2019nun HD Flexo yaz\u0131l\u0131mlar\u0131yla, m\u00fc\u015fterilerimizin talep etti\u011fi t\u00fcm tiplerde kli\u015fe haz\u0131rl\u0131\u011f\u0131 yap\u0131yoruz. Esko CDI D\u00fcnya lideri kli\u015fe [&hellip;]<\/p>","protected":false},"author":1,"featured_media":0,"parent":0,"menu_order":0,"comment_status":"closed","ping_status":"closed","template":"","meta":[],"yoast_head":"<!-- This site is optimized with the Yoast SEO Premium plugin v18.3 (Yoast SEO v18.5.1) - https:\/\/yoast.com\/wordpress\/plugins\/seo\/ -->\n<title>Nas\u0131l Yap\u0131yoruz? - Birlik Kli\u015fe ve Grafik<\/title>\n<meta name=\"robots\" content=\"index, follow, max-snippet:-1, max-image-preview:large, max-video-preview:-1\" \/>\n<link rel=\"canonical\" href=\"https:\/\/www.birlikklise.com.tr\/ar\/nasil-yapiyoruz\/\" \/>\n<meta property=\"og:locale\" content=\"ar_AR\" \/>\n<meta property=\"og:type\" content=\"article\" \/>\n<meta property=\"og:title\" content=\"Nas\u0131l Yap\u0131yoruz?\" \/>\n<meta property=\"og:description\" content=\"Gmg ColorProof Her m\u00fc\u015fterimizin sistemimizdeki \u00f6zel parmak izini olu\u015fturuyoruz. Esko Artpro, Artpro+, Packedge D\u00fcnyan\u0131n lider yaz\u0131l\u0131mlar\u0131yla, m\u00fc\u015fterilerimizden gelen g\u00f6rselleri flekso bask\u0131ya g\u00f6re haz\u0131rl\u0131yor ve bask\u0131 esnas\u0131nda olu\u015fabilecek problemlerden m\u00fc\u015fterilerimizi koruyoruz. Esko HD Flexo D\u00fcnyan\u0131n lider kli\u015fe yaz\u0131l\u0131m \u00fcreticisi Esko\u2019nun HD Flexo yaz\u0131l\u0131mlar\u0131yla, m\u00fc\u015fterilerimizin talep etti\u011fi t\u00fcm tiplerde kli\u015fe haz\u0131rl\u0131\u011f\u0131 yap\u0131yoruz. Esko CDI D\u00fcnya lideri kli\u015fe [&hellip;]\" \/>\n<meta property=\"og:url\" content=\"https:\/\/www.birlikklise.com.tr\/ar\/nasil-yapiyoruz\/\" \/>\n<meta property=\"og:site_name\" content=\"Birlik Kli\u015fe ve Grafik\" \/>\n<meta property=\"article:modified_time\" content=\"2022-09-07T21:04:03+00:00\" \/>\n<meta property=\"og:image\" content=\"https:\/\/www.birlikklise.com.tr\/wp-content\/uploads\/2022\/09\/1-300x300.jpg\" \/>\n<meta name=\"twitter:card\" content=\"summary_large_image\" \/>\n<meta name=\"twitter:label1\" content=\"\u0648\u0642\u062a \u0627\u0644\u0642\u0631\u0627\u0621\u0629 \u0627\u0644\u0645\u064f\u0642\u062f\u0651\u0631\" \/>\n\t<meta name=\"twitter:data1\" content=\"\u062f\u0642\u064a\u0642\u0629 \u0648\u0627\u062d\u062f\u0629\" \/>\n<script type=\"application\/ld+json\" class=\"yoast-schema-graph\">{\"@context\":\"https:\/\/schema.org\",\"@graph\":[{\"@type\":\"WebSite\",\"@id\":\"https:\/\/www.birlikklise.com.tr\/#website\",\"url\":\"https:\/\/www.birlikklise.com.tr\/\",\"name\":\"Birlik Kli\u015fe ve Grafik\",\"description\":\"birlikklise.com.tr\",\"potentialAction\":[{\"@type\":\"SearchAction\",\"target\":{\"@type\":\"EntryPoint\",\"urlTemplate\":\"https:\/\/www.birlikklise.com.tr\/?s={search_term_string}\"},\"query-input\":\"required name=search_term_string\"}],\"inLanguage\":\"ar\"},{\"@type\":\"ImageObject\",\"@id\":\"https:\/\/www.birlikklise.com.tr\/nasil-yapiyoruz\/#primaryimage\",\"inLanguage\":\"ar\",\"url\":\"https:\/\/www.birlikklise.com.tr\/wp-content\/uploads\/2022\/09\/1.jpg\",\"contentUrl\":\"https:\/\/www.birlikklise.com.tr\/wp-content\/uploads\/2022\/09\/1.jpg\",\"width\":823,\"height\":671},{\"@type\":\"WebPage\",\"@id\":\"https:\/\/www.birlikklise.com.tr\/nasil-yapiyoruz\/#webpage\",\"url\":\"https:\/\/www.birlikklise.com.tr\/nasil-yapiyoruz\/\",\"name\":\"Nas\u0131l Yap\u0131yoruz? - Birlik Kli\u015fe ve Grafik\",\"isPartOf\":{\"@id\":\"https:\/\/www.birlikklise.com.tr\/#website\"},\"primaryImageOfPage\":{\"@id\":\"https:\/\/www.birlikklise.com.tr\/nasil-yapiyoruz\/#primaryimage\"},\"datePublished\":\"2022-08-31T03:34:40+00:00\",\"dateModified\":\"2022-09-07T21:04:03+00:00\",\"breadcrumb\":{\"@id\":\"https:\/\/www.birlikklise.com.tr\/nasil-yapiyoruz\/#breadcrumb\"},\"inLanguage\":\"ar\",\"potentialAction\":[{\"@type\":\"ReadAction\",\"target\":[\"https:\/\/www.birlikklise.com.tr\/nasil-yapiyoruz\/\"]}]},{\"@type\":\"BreadcrumbList\",\"@id\":\"https:\/\/www.birlikklise.com.tr\/nasil-yapiyoruz\/#breadcrumb\",\"itemListElement\":[{\"@type\":\"ListItem\",\"position\":1,\"name\":\"Home\",\"item\":\"https:\/\/www.birlikklise.com.tr\/\"},{\"@type\":\"ListItem\",\"position\":2,\"name\":\"Nas\u0131l Yap\u0131yoruz?\"}]}]}<\/script>\n<!-- \/ Yoast SEO Premium plugin. -->","yoast_head_json":{"title":"Nas\u0131l Yap\u0131yoruz? - Birlik Kli\u015fe ve Grafik","robots":{"index":"index","follow":"follow","max-snippet":"max-snippet:-1","max-image-preview":"max-image-preview:large","max-video-preview":"max-video-preview:-1"},"canonical":"https:\/\/www.birlikklise.com.tr\/ar\/nasil-yapiyoruz\/","og_locale":"ar_AR","og_type":"article","og_title":"Nas\u0131l Yap\u0131yoruz?","og_description":"Gmg ColorProof Her m\u00fc\u015fterimizin sistemimizdeki \u00f6zel parmak izini olu\u015fturuyoruz. Esko Artpro, Artpro+, Packedge D\u00fcnyan\u0131n lider yaz\u0131l\u0131mlar\u0131yla, m\u00fc\u015fterilerimizden gelen g\u00f6rselleri flekso bask\u0131ya g\u00f6re haz\u0131rl\u0131yor ve bask\u0131 esnas\u0131nda olu\u015fabilecek problemlerden m\u00fc\u015fterilerimizi koruyoruz. Esko HD Flexo D\u00fcnyan\u0131n lider kli\u015fe yaz\u0131l\u0131m \u00fcreticisi Esko\u2019nun HD Flexo yaz\u0131l\u0131mlar\u0131yla, m\u00fc\u015fterilerimizin talep etti\u011fi t\u00fcm tiplerde kli\u015fe haz\u0131rl\u0131\u011f\u0131 yap\u0131yoruz. Esko CDI D\u00fcnya lideri kli\u015fe [&hellip;]","og_url":"https:\/\/www.birlikklise.com.tr\/ar\/nasil-yapiyoruz\/","og_site_name":"Birlik Kli\u015fe ve Grafik","article_modified_time":"2022-09-07T21:04:03+00:00","og_image":[{"url":"https:\/\/www.birlikklise.com.tr\/wp-content\/uploads\/2022\/09\/1-300x300.jpg"}],"twitter_card":"summary_large_image","twitter_misc":{"\u0648\u0642\u062a \u0627\u0644\u0642\u0631\u0627\u0621\u0629 \u0627\u0644\u0645\u064f\u0642\u062f\u0651\u0631":"\u062f\u0642\u064a\u0642\u0629 \u0648\u0627\u062d\u062f\u0629"},"schema":{"@context":"https:\/\/schema.org","@graph":[{"@type":"WebSite","@id":"https:\/\/www.birlikklise.com.tr\/#website","url":"https:\/\/www.birlikklise.com.tr\/","name":"Birlik Kli\u015fe ve Grafik","description":"birlikklise.com.tr","potentialAction":[{"@type":"SearchAction","target":{"@type":"EntryPoint","urlTemplate":"https:\/\/www.birlikklise.com.tr\/?s={search_term_string}"},"query-input":"required name=search_term_string"}],"inLanguage":"ar"},{"@type":"ImageObject","@id":"https:\/\/www.birlikklise.com.tr\/nasil-yapiyoruz\/#primaryimage","inLanguage":"ar","url":"https:\/\/www.birlikklise.com.tr\/wp-content\/uploads\/2022\/09\/1.jpg","contentUrl":"https:\/\/www.birlikklise.com.tr\/wp-content\/uploads\/2022\/09\/1.jpg","width":823,"height":671},{"@type":"WebPage","@id":"https:\/\/www.birlikklise.com.tr\/nasil-yapiyoruz\/#webpage","url":"https:\/\/www.birlikklise.com.tr\/nasil-yapiyoruz\/","name":"Nas\u0131l Yap\u0131yoruz? - Birlik Kli\u015fe ve Grafik","isPartOf":{"@id":"https:\/\/www.birlikklise.com.tr\/#website"},"primaryImageOfPage":{"@id":"https:\/\/www.birlikklise.com.tr\/nasil-yapiyoruz\/#primaryimage"},"datePublished":"2022-08-31T03:34:40+00:00","dateModified":"2022-09-07T21:04:03+00:00","breadcrumb":{"@id":"https:\/\/www.birlikklise.com.tr\/nasil-yapiyoruz\/#breadcrumb"},"inLanguage":"ar","potentialAction":[{"@type":"ReadAction","target":["https:\/\/www.birlikklise.com.tr\/nasil-yapiyoruz\/"]}]},{"@type":"BreadcrumbList","@id":"https:\/\/www.birlikklise.com.tr\/nasil-yapiyoruz\/#breadcrumb","itemListElement":[{"@type":"ListItem","position":1,"name":"Home","item":"https:\/\/www.birlikklise.com.tr\/"},{"@type":"ListItem","position":2,"name":"Nas\u0131l Yap\u0131yoruz?"}]}]}},"_links":{"self":[{"href":"https:\/\/www.birlikklise.com.tr\/ar\/wp-json\/wp\/v2\/pages\/297"}],"collection":[{"href":"https:\/\/www.birlikklise.com.tr\/ar\/wp-json\/wp\/v2\/pages"}],"about":[{"href":"https:\/\/www.birlikklise.com.tr\/ar\/wp-json\/wp\/v2\/types\/page"}],"author":[{"embeddable":true,"href":"https:\/\/www.birlikklise.com.tr\/ar\/wp-json\/wp\/v2\/users\/1"}],"replies":[{"embeddable":true,"href":"https:\/\/www.birlikklise.com.tr\/ar\/wp-json\/wp\/v2\/comments?post=297"}],"version-history":[{"count":65,"href":"https:\/\/www.birlikklise.com.tr\/ar\/wp-json\/wp\/v2\/pages\/297\/revisions"}],"predecessor-version":[{"id":1208,"href":"https:\/\/www.birlikklise.com.tr\/ar\/wp-json\/wp\/v2\/pages\/297\/revisions\/1208"}],"wp:attachment":[{"href":"https:\/\/www.birlikklise.com.tr\/ar\/wp-json\/wp\/v2\/media?parent=297"}],"curies":[{"name":"wp","href":"https:\/\/api.w.org\/{rel}","templated":true}]}}