{"id":297,"date":"2022-08-31T03:34:40","date_gmt":"2022-08-31T03:34:40","guid":{"rendered":"https:\/\/www.birlikklise.com.tr\/?page_id=297"},"modified":"2022-09-07T21:04:03","modified_gmt":"2022-09-07T21:04:03","slug":"nasil-yapiyoruz","status":"publish","type":"page","link":"https:\/\/www.birlikklise.com.tr\/de\/nasil-yapiyoruz\/","title":{"rendered":"Wie wir es machen?"},"content":{"rendered":"<div data-elementor-type=\"wp-page\" data-elementor-id=\"297\" class=\"elementor elementor-297\">\n\t\t\t\t\t\t<div class=\"elementor-inner\">\n\t\t\t\t<div class=\"elementor-section-wrap\">\n\t\t\t\t\t\t\t\t\t<section class=\"elementor-section elementor-top-section elementor-element elementor-element-3cfb0bc elementor-section-full_width elementor-section-height-default elementor-section-height-default\" data-id=\"3cfb0bc\" data-element_type=\"section\">\n\t\t\t\t\t\t<div class=\"elementor-container elementor-column-gap-default\">\n\t\t\t\t\t\t\t<div class=\"elementor-row\">\n\t\t\t\t\t<div class=\"aux-parallax-section elementor-column elementor-col-100 elementor-top-column elementor-element elementor-element-46e5fec\" data-id=\"46e5fec\" data-element_type=\"column\">\n\t\t\t<div class=\"elementor-column-wrap elementor-element-populated\">\n\t\t\t\t\t\t\t<div class=\"elementor-widget-wrap\">\n\t\t\t\t\t\t<div class=\"elementor-element elementor-element-4249557 ha-image-grid--even elementor-widget elementor-widget-ha-image-grid happy-addon ha-image-grid\" data-id=\"4249557\" data-element_type=\"widget\" data-settings=\"{&quot;layout&quot;:&quot;even&quot;,&quot;enable_popup&quot;:&quot;yes&quot;}\" data-widget_type=\"ha-image-grid.default\">\n\t\t\t\t<div class=\"elementor-widget-container\">\n\t\t\t\n\t\t<div class=\"ha-image-grid__wrap hajs-isotope ha-lightbox--has\">\n\t\t\t\t\t\t\t\n\t\t\t\t<a href=\"#\" data-mfp-src=\"https:\/\/www.birlikklise.com.tr\/wp-content\/uploads\/2022\/09\/1.jpg\" class=\"ha-image-grid__item ha-js-lightbox __fltr-1\">\n\t\t\t\t\t<img width=\"300\" height=\"300\" src=\"https:\/\/www.birlikklise.com.tr\/wp-content\/uploads\/2022\/09\/1-300x300.jpg\" class=\"elementor-animation-grow\" alt=\"\" decoding=\"async\" loading=\"lazy\" srcset=\"https:\/\/www.birlikklise.com.tr\/wp-content\/uploads\/2022\/09\/1-300x300.jpg 300w, https:\/\/www.birlikklise.com.tr\/wp-content\/uploads\/2022\/09\/1-150x150.jpg 150w\" sizes=\"(max-width: 300px) 100vw, 300px\" \/>\t\t\t\t<\/a>\n\t\t\t\t\t\t\t\n\t\t\t\t<a href=\"#\" data-mfp-src=\"https:\/\/www.birlikklise.com.tr\/wp-content\/uploads\/2022\/09\/2.jpg\" class=\"ha-image-grid__item ha-js-lightbox __fltr-1\">\n\t\t\t\t\t<img width=\"300\" height=\"300\" src=\"https:\/\/www.birlikklise.com.tr\/wp-content\/uploads\/2022\/09\/2-300x300.jpg\" class=\"elementor-animation-grow\" alt=\"\" decoding=\"async\" loading=\"lazy\" srcset=\"https:\/\/www.birlikklise.com.tr\/wp-content\/uploads\/2022\/09\/2-300x300.jpg 300w, https:\/\/www.birlikklise.com.tr\/wp-content\/uploads\/2022\/09\/2-150x150.jpg 150w\" sizes=\"(max-width: 300px) 100vw, 300px\" \/>\t\t\t\t<\/a>\n\t\t\t\t\t\t\t\n\t\t\t\t<a href=\"#\" data-mfp-src=\"https:\/\/www.birlikklise.com.tr\/wp-content\/uploads\/2022\/09\/3.jpg\" class=\"ha-image-grid__item ha-js-lightbox __fltr-1\">\n\t\t\t\t\t<img width=\"300\" height=\"300\" src=\"https:\/\/www.birlikklise.com.tr\/wp-content\/uploads\/2022\/09\/3-300x300.jpg\" class=\"elementor-animation-grow\" alt=\"\" decoding=\"async\" loading=\"lazy\" srcset=\"https:\/\/www.birlikklise.com.tr\/wp-content\/uploads\/2022\/09\/3-300x300.jpg 300w, https:\/\/www.birlikklise.com.tr\/wp-content\/uploads\/2022\/09\/3-150x150.jpg 150w\" sizes=\"(max-width: 300px) 100vw, 300px\" \/>\t\t\t\t<\/a>\n\t\t\t\t\t\t\t\n\t\t\t\t<a href=\"#\" data-mfp-src=\"https:\/\/www.birlikklise.com.tr\/wp-content\/uploads\/2022\/09\/4.jpg\" class=\"ha-image-grid__item ha-js-lightbox __fltr-1\">\n\t\t\t\t\t<img width=\"300\" height=\"300\" src=\"https:\/\/www.birlikklise.com.tr\/wp-content\/uploads\/2022\/09\/4-300x300.jpg\" class=\"elementor-animation-grow\" alt=\"\" decoding=\"async\" loading=\"lazy\" srcset=\"https:\/\/www.birlikklise.com.tr\/wp-content\/uploads\/2022\/09\/4-300x300.jpg 300w, https:\/\/www.birlikklise.com.tr\/wp-content\/uploads\/2022\/09\/4-150x150.jpg 150w\" sizes=\"(max-width: 300px) 100vw, 300px\" \/>\t\t\t\t<\/a>\n\t\t\t\t\t\t\t\n\t\t\t\t<a href=\"#\" data-mfp-src=\"https:\/\/www.birlikklise.com.tr\/wp-content\/uploads\/2022\/09\/5.jpg\" class=\"ha-image-grid__item ha-js-lightbox __fltr-1\">\n\t\t\t\t\t<img width=\"300\" height=\"300\" src=\"https:\/\/www.birlikklise.com.tr\/wp-content\/uploads\/2022\/09\/5-300x300.jpg\" class=\"elementor-animation-grow\" alt=\"\" decoding=\"async\" loading=\"lazy\" srcset=\"https:\/\/www.birlikklise.com.tr\/wp-content\/uploads\/2022\/09\/5-300x300.jpg 300w, https:\/\/www.birlikklise.com.tr\/wp-content\/uploads\/2022\/09\/5-150x150.jpg 150w\" sizes=\"(max-width: 300px) 100vw, 300px\" \/>\t\t\t\t<\/a>\n\t\t\t\t\t<\/div>\n\n\t\t\t\t<\/div>\n\t\t\t\t<\/div>\n\t\t\t\t<div class=\"elementor-element elementor-element-4969b34 elementor-widget elementor-widget-toggle\" data-id=\"4969b34\" data-element_type=\"widget\" data-widget_type=\"toggle.default\">\n\t\t\t\t<div class=\"elementor-widget-container\">\n\t\t\t\t\t<div class=\"elementor-toggle\" role=\"tablist\">\n\t\t\t\t\t\t\t<div class=\"elementor-toggle-item\">\n\t\t\t\t\t<div id=\"elementor-tab-title-7691\" class=\"elementor-tab-title\" data-tab=\"1\" role=\"tab\" aria-controls=\"elementor-tab-content-7691\" aria-expanded=\"false\">\n\t\t\t\t\t\t\t\t\t\t\t\t<span class=\"elementor-toggle-icon elementor-toggle-icon-left\" aria-hidden=\"true\">\n\t\t\t\t\t\t\t\t\t\t\t\t\t\t\t<span class=\"elementor-toggle-icon-closed\"><i class=\"fas fa-caret-right\"><\/i><\/span>\n\t\t\t\t\t\t\t\t<span class=\"elementor-toggle-icon-opened\"><i class=\"elementor-toggle-icon-opened fas fa-caret-up\"><\/i><\/span>\n\t\t\t\t\t\t\t\t\t\t\t\t\t<\/span>\n\t\t\t\t\t\t\t\t\t\t\t\t<a href=\"\" class=\"elementor-toggle-title\">Gmg ColorProof<\/a>\n\t\t\t\t\t<\/div>\n\n\t\t\t\t\t<div id=\"elementor-tab-content-7691\" class=\"elementor-tab-content elementor-clearfix\" data-tab=\"1\" role=\"tabpanel\" aria-labelledby=\"elementor-tab-title-7691\"><p>Den speziellen Fingerabdruck jedes unserer Kunden generieren wir in unserem System.<\/p><\/div>\n\t\t\t\t<\/div>\n\t\t\t\t\t\t\t<div class=\"elementor-toggle-item\">\n\t\t\t\t\t<div id=\"elementor-tab-title-7692\" class=\"elementor-tab-title\" data-tab=\"2\" role=\"tab\" aria-controls=\"elementor-tab-content-7692\" aria-expanded=\"false\">\n\t\t\t\t\t\t\t\t\t\t\t\t<span class=\"elementor-toggle-icon elementor-toggle-icon-left\" aria-hidden=\"true\">\n\t\t\t\t\t\t\t\t\t\t\t\t\t\t\t<span class=\"elementor-toggle-icon-closed\"><i class=\"fas fa-caret-right\"><\/i><\/span>\n\t\t\t\t\t\t\t\t<span class=\"elementor-toggle-icon-opened\"><i class=\"elementor-toggle-icon-opened fas fa-caret-up\"><\/i><\/span>\n\t\t\t\t\t\t\t\t\t\t\t\t\t<\/span>\n\t\t\t\t\t\t\t\t\t\t\t\t<a href=\"\" class=\"elementor-toggle-title\">Esko Artpro, Artpro+, Packedge<\/a>\n\t\t\t\t\t<\/div>\n\n\t\t\t\t\t<div id=\"elementor-tab-content-7692\" class=\"elementor-tab-content elementor-clearfix\" data-tab=\"2\" role=\"tabpanel\" aria-labelledby=\"elementor-tab-title-7692\"><p>Mit weltweit f\u00fchrenden Softwaretechnologien bereiten wir die Bilder unserer Kunden f\u00fcr den effizienten Flexodruck auf und sch\u00fctzen unsere Kunden vor Problemen, die w\u00e4hrend des Drucks auftreten k\u00f6nnen (z. B. Tintenverbrauch, Makulatur, R\u00fcstzeit).<\/p><\/div>\n\t\t\t\t<\/div>\n\t\t\t\t\t\t\t<div class=\"elementor-toggle-item\">\n\t\t\t\t\t<div id=\"elementor-tab-title-7693\" class=\"elementor-tab-title\" data-tab=\"3\" role=\"tab\" aria-controls=\"elementor-tab-content-7693\" aria-expanded=\"false\">\n\t\t\t\t\t\t\t\t\t\t\t\t<span class=\"elementor-toggle-icon elementor-toggle-icon-left\" aria-hidden=\"true\">\n\t\t\t\t\t\t\t\t\t\t\t\t\t\t\t<span class=\"elementor-toggle-icon-closed\"><i class=\"fas fa-caret-right\"><\/i><\/span>\n\t\t\t\t\t\t\t\t<span class=\"elementor-toggle-icon-opened\"><i class=\"elementor-toggle-icon-opened fas fa-caret-up\"><\/i><\/span>\n\t\t\t\t\t\t\t\t\t\t\t\t\t<\/span>\n\t\t\t\t\t\t\t\t\t\t\t\t<a href=\"\" class=\"elementor-toggle-title\">Esko HD Flexodruck<\/a>\n\t\t\t\t\t<\/div>\n\n\t\t\t\t\t<div id=\"elementor-tab-content-7693\" class=\"elementor-tab-content elementor-clearfix\" data-tab=\"3\" role=\"tabpanel\" aria-labelledby=\"elementor-tab-title-7693\"><p>Die HD Flexo-Software von Esko, dem weltweit f\u00fchrenden Hersteller von Plattensoftware, unterst\u00fctzt uns bei der Vorbereitung aller von unseren Kunden gew\u00fcnschten Plattentypen.<\/p><\/div>\n\t\t\t\t<\/div>\n\t\t\t\t\t\t\t<div class=\"elementor-toggle-item\">\n\t\t\t\t\t<div id=\"elementor-tab-title-7694\" class=\"elementor-tab-title\" data-tab=\"4\" role=\"tab\" aria-controls=\"elementor-tab-content-7694\" aria-expanded=\"false\">\n\t\t\t\t\t\t\t\t\t\t\t\t<span class=\"elementor-toggle-icon elementor-toggle-icon-left\" aria-hidden=\"true\">\n\t\t\t\t\t\t\t\t\t\t\t\t\t\t\t<span class=\"elementor-toggle-icon-closed\"><i class=\"fas fa-caret-right\"><\/i><\/span>\n\t\t\t\t\t\t\t\t<span class=\"elementor-toggle-icon-opened\"><i class=\"elementor-toggle-icon-opened fas fa-caret-up\"><\/i><\/span>\n\t\t\t\t\t\t\t\t\t\t\t\t\t<\/span>\n\t\t\t\t\t\t\t\t\t\t\t\t<a href=\"\" class=\"elementor-toggle-title\">Esko CDI<\/a>\n\t\t\t\t\t<\/div>\n\n\t\t\t\t\t<div id=\"elementor-tab-content-7694\" class=\"elementor-tab-content elementor-clearfix\" data-tab=\"4\" role=\"tabpanel\" aria-labelledby=\"elementor-tab-title-7694\"><p>Das CDI-System von Esko, dem weltweit f\u00fchrenden Hersteller von Plattenhardware, bietet uns die M\u00f6glichkeit, unseren Kunden alle Arten von Plattenverarbeitungsdiensten wie HD, Pixel+ anzubieten.<\/p><\/div>\n\t\t\t\t<\/div>\n\t\t\t\t\t\t\t<div class=\"elementor-toggle-item\">\n\t\t\t\t\t<div id=\"elementor-tab-title-7695\" class=\"elementor-tab-title\" data-tab=\"5\" role=\"tab\" aria-controls=\"elementor-tab-content-7695\" aria-expanded=\"false\">\n\t\t\t\t\t\t\t\t\t\t\t\t<span class=\"elementor-toggle-icon elementor-toggle-icon-left\" aria-hidden=\"true\">\n\t\t\t\t\t\t\t\t\t\t\t\t\t\t\t<span class=\"elementor-toggle-icon-closed\"><i class=\"fas fa-caret-right\"><\/i><\/span>\n\t\t\t\t\t\t\t\t<span class=\"elementor-toggle-icon-opened\"><i class=\"elementor-toggle-icon-opened fas fa-caret-up\"><\/i><\/span>\n\t\t\t\t\t\t\t\t\t\t\t\t\t<\/span>\n\t\t\t\t\t\t\t\t\t\t\t\t<a href=\"\" class=\"elementor-toggle-title\">Esko XPS Crystal<\/a>\n\t\t\t\t\t<\/div>\n\n\t\t\t\t\t<div id=\"elementor-tab-content-7695\" class=\"elementor-tab-content elementor-clearfix\" data-tab=\"5\" role=\"tabpanel\" aria-labelledby=\"elementor-tab-title-7695\"><p>Durch den Einsatz von Esko Crystal-Technologie, der weltweit h\u00f6chsten Technologie, mit Software und Hardware zusammen, bieten wir unseren Kunden die aktuellste Ausr\u00fcstung\/Technologie als Partner.<\/p><\/div>\n\t\t\t\t<\/div>\n\t\t\t\t\t\t\t<div class=\"elementor-toggle-item\">\n\t\t\t\t\t<div id=\"elementor-tab-title-7696\" class=\"elementor-tab-title\" data-tab=\"6\" role=\"tab\" aria-controls=\"elementor-tab-content-7696\" aria-expanded=\"false\">\n\t\t\t\t\t\t\t\t\t\t\t\t<span class=\"elementor-toggle-icon elementor-toggle-icon-left\" aria-hidden=\"true\">\n\t\t\t\t\t\t\t\t\t\t\t\t\t\t\t<span class=\"elementor-toggle-icon-closed\"><i class=\"fas fa-caret-right\"><\/i><\/span>\n\t\t\t\t\t\t\t\t<span class=\"elementor-toggle-icon-opened\"><i class=\"elementor-toggle-icon-opened fas fa-caret-up\"><\/i><\/span>\n\t\t\t\t\t\t\t\t\t\t\t\t\t<\/span>\n\t\t\t\t\t\t\t\t\t\t\t\t<a href=\"\" class=\"elementor-toggle-title\">Kongsberg Automatisiertes Schneidesystem<\/a>\n\t\t\t\t\t<\/div>\n\n\t\t\t\t\t<div id=\"elementor-tab-content-7696\" class=\"elementor-tab-content elementor-clearfix\" data-tab=\"6\" role=\"tabpanel\" aria-labelledby=\"elementor-tab-title-7696\"><p>Wir schneiden die von uns produzierten Platten mit h\u00f6chster Qualit\u00e4t unber\u00fchrt und null und wir sparen eine erhebliche Menge an Makulatur &amp; Zeit in der Druckvorstufe unserer Kunden.<\/p><\/div>\n\t\t\t\t<\/div>\n\t\t\t\t\t\t\t<div class=\"elementor-toggle-item\">\n\t\t\t\t\t<div id=\"elementor-tab-title-7697\" class=\"elementor-tab-title\" data-tab=\"7\" role=\"tab\" aria-controls=\"elementor-tab-content-7697\" aria-expanded=\"false\">\n\t\t\t\t\t\t\t\t\t\t\t\t<span class=\"elementor-toggle-icon elementor-toggle-icon-left\" aria-hidden=\"true\">\n\t\t\t\t\t\t\t\t\t\t\t\t\t\t\t<span class=\"elementor-toggle-icon-closed\"><i class=\"fas fa-caret-right\"><\/i><\/span>\n\t\t\t\t\t\t\t\t<span class=\"elementor-toggle-icon-opened\"><i class=\"elementor-toggle-icon-opened fas fa-caret-up\"><\/i><\/span>\n\t\t\t\t\t\t\t\t\t\t\t\t\t<\/span>\n\t\t\t\t\t\t\t\t\t\t\t\t<a href=\"\" class=\"elementor-toggle-title\">Qualit\u00e4tskontrollschritte<\/a>\n\t\t\t\t\t<\/div>\n\n\t\t\t\t\t<div id=\"elementor-tab-content-7697\" class=\"elementor-tab-content elementor-clearfix\" data-tab=\"7\" role=\"tabpanel\" aria-labelledby=\"elementor-tab-title-7697\"><p>Wir beugen m\u00f6glichen Fehlern vor, indem wir unsere Produkte vor und nach der Plattenherstellung durch alle Kontrollschritte f\u00fchren.<\/p><\/div>\n\t\t\t\t<\/div>\n\t\t\t\t\t\t\t\t<\/div>\n\t\t\t\t<\/div>\n\t\t\t\t<\/div>\n\t\t\t\t\t\t<\/div>\n\t\t\t\t\t<\/div>\n\t\t<\/div>\n\t\t\t\t\t\t\t\t<\/div>\n\t\t\t\t\t<\/div>\n\t\t<\/section>\n\t\t\t\t\t\t\t\t\t<\/div>\n\t\t\t<\/div>\n\t\t\t\t\t<\/div>","protected":false},"excerpt":{"rendered":"<p>Gmg ColorProof Her m\u00fc\u015fterimizin sistemimizdeki \u00f6zel parmak izini olu\u015fturuyoruz. Esko Artpro, Artpro+, Packedge D\u00fcnyan\u0131n lider yaz\u0131l\u0131mlar\u0131yla, m\u00fc\u015fterilerimizden gelen g\u00f6rselleri flekso bask\u0131ya g\u00f6re haz\u0131rl\u0131yor ve bask\u0131 esnas\u0131nda olu\u015fabilecek problemlerden m\u00fc\u015fterilerimizi koruyoruz. Esko HD Flexo D\u00fcnyan\u0131n lider kli\u015fe yaz\u0131l\u0131m \u00fcreticisi Esko\u2019nun HD Flexo yaz\u0131l\u0131mlar\u0131yla, m\u00fc\u015fterilerimizin talep etti\u011fi t\u00fcm tiplerde kli\u015fe haz\u0131rl\u0131\u011f\u0131 yap\u0131yoruz. Esko CDI D\u00fcnya lideri kli\u015fe [&hellip;]<\/p>","protected":false},"author":1,"featured_media":0,"parent":0,"menu_order":0,"comment_status":"closed","ping_status":"closed","template":"","meta":[],"yoast_head":"<!-- This site is optimized with the Yoast SEO Premium plugin v18.3 (Yoast SEO v18.5.1) - https:\/\/yoast.com\/wordpress\/plugins\/seo\/ -->\n<title>Nas\u0131l Yap\u0131yoruz? - Birlik Kli\u015fe ve Grafik<\/title>\n<meta name=\"robots\" content=\"index, follow, max-snippet:-1, max-image-preview:large, max-video-preview:-1\" \/>\n<link rel=\"canonical\" href=\"https:\/\/www.birlikklise.com.tr\/de\/nasil-yapiyoruz\/\" \/>\n<meta property=\"og:locale\" content=\"de_DE\" \/>\n<meta property=\"og:type\" content=\"article\" \/>\n<meta property=\"og:title\" content=\"Nas\u0131l Yap\u0131yoruz?\" \/>\n<meta property=\"og:description\" content=\"Gmg ColorProof Her m\u00fc\u015fterimizin sistemimizdeki \u00f6zel parmak izini olu\u015fturuyoruz. Esko Artpro, Artpro+, Packedge D\u00fcnyan\u0131n lider yaz\u0131l\u0131mlar\u0131yla, m\u00fc\u015fterilerimizden gelen g\u00f6rselleri flekso bask\u0131ya g\u00f6re haz\u0131rl\u0131yor ve bask\u0131 esnas\u0131nda olu\u015fabilecek problemlerden m\u00fc\u015fterilerimizi koruyoruz. Esko HD Flexo D\u00fcnyan\u0131n lider kli\u015fe yaz\u0131l\u0131m \u00fcreticisi Esko\u2019nun HD Flexo yaz\u0131l\u0131mlar\u0131yla, m\u00fc\u015fterilerimizin talep etti\u011fi t\u00fcm tiplerde kli\u015fe haz\u0131rl\u0131\u011f\u0131 yap\u0131yoruz. Esko CDI D\u00fcnya lideri kli\u015fe [&hellip;]\" \/>\n<meta property=\"og:url\" content=\"https:\/\/www.birlikklise.com.tr\/de\/nasil-yapiyoruz\/\" \/>\n<meta property=\"og:site_name\" content=\"Birlik Kli\u015fe ve Grafik\" \/>\n<meta property=\"article:modified_time\" content=\"2022-09-07T21:04:03+00:00\" \/>\n<meta property=\"og:image\" content=\"https:\/\/www.birlikklise.com.tr\/wp-content\/uploads\/2022\/09\/1-300x300.jpg\" \/>\n<meta name=\"twitter:card\" content=\"summary_large_image\" \/>\n<meta name=\"twitter:label1\" content=\"Gesch\u00e4tzte Lesezeit\" \/>\n\t<meta name=\"twitter:data1\" content=\"1 Minute\" \/>\n<script type=\"application\/ld+json\" class=\"yoast-schema-graph\">{\"@context\":\"https:\/\/schema.org\",\"@graph\":[{\"@type\":\"WebSite\",\"@id\":\"https:\/\/www.birlikklise.com.tr\/#website\",\"url\":\"https:\/\/www.birlikklise.com.tr\/\",\"name\":\"Birlik Kli\u015fe ve Grafik\",\"description\":\"birlikklise.com.tr\",\"potentialAction\":[{\"@type\":\"SearchAction\",\"target\":{\"@type\":\"EntryPoint\",\"urlTemplate\":\"https:\/\/www.birlikklise.com.tr\/?s={search_term_string}\"},\"query-input\":\"required name=search_term_string\"}],\"inLanguage\":\"de-DE\"},{\"@type\":\"ImageObject\",\"@id\":\"https:\/\/www.birlikklise.com.tr\/nasil-yapiyoruz\/#primaryimage\",\"inLanguage\":\"de-DE\",\"url\":\"https:\/\/www.birlikklise.com.tr\/wp-content\/uploads\/2022\/09\/1.jpg\",\"contentUrl\":\"https:\/\/www.birlikklise.com.tr\/wp-content\/uploads\/2022\/09\/1.jpg\",\"width\":823,\"height\":671},{\"@type\":\"WebPage\",\"@id\":\"https:\/\/www.birlikklise.com.tr\/nasil-yapiyoruz\/#webpage\",\"url\":\"https:\/\/www.birlikklise.com.tr\/nasil-yapiyoruz\/\",\"name\":\"Nas\u0131l Yap\u0131yoruz? - Birlik Kli\u015fe ve Grafik\",\"isPartOf\":{\"@id\":\"https:\/\/www.birlikklise.com.tr\/#website\"},\"primaryImageOfPage\":{\"@id\":\"https:\/\/www.birlikklise.com.tr\/nasil-yapiyoruz\/#primaryimage\"},\"datePublished\":\"2022-08-31T03:34:40+00:00\",\"dateModified\":\"2022-09-07T21:04:03+00:00\",\"breadcrumb\":{\"@id\":\"https:\/\/www.birlikklise.com.tr\/nasil-yapiyoruz\/#breadcrumb\"},\"inLanguage\":\"de-DE\",\"potentialAction\":[{\"@type\":\"ReadAction\",\"target\":[\"https:\/\/www.birlikklise.com.tr\/nasil-yapiyoruz\/\"]}]},{\"@type\":\"BreadcrumbList\",\"@id\":\"https:\/\/www.birlikklise.com.tr\/nasil-yapiyoruz\/#breadcrumb\",\"itemListElement\":[{\"@type\":\"ListItem\",\"position\":1,\"name\":\"Home\",\"item\":\"https:\/\/www.birlikklise.com.tr\/\"},{\"@type\":\"ListItem\",\"position\":2,\"name\":\"Nas\u0131l Yap\u0131yoruz?\"}]}]}<\/script>\n<!-- \/ Yoast SEO Premium plugin. -->","yoast_head_json":{"title":"Nas\u0131l Yap\u0131yoruz? - Birlik Kli\u015fe ve Grafik","robots":{"index":"index","follow":"follow","max-snippet":"max-snippet:-1","max-image-preview":"max-image-preview:large","max-video-preview":"max-video-preview:-1"},"canonical":"https:\/\/www.birlikklise.com.tr\/de\/nasil-yapiyoruz\/","og_locale":"de_DE","og_type":"article","og_title":"Nas\u0131l Yap\u0131yoruz?","og_description":"Gmg ColorProof Her m\u00fc\u015fterimizin sistemimizdeki \u00f6zel parmak izini olu\u015fturuyoruz. Esko Artpro, Artpro+, Packedge D\u00fcnyan\u0131n lider yaz\u0131l\u0131mlar\u0131yla, m\u00fc\u015fterilerimizden gelen g\u00f6rselleri flekso bask\u0131ya g\u00f6re haz\u0131rl\u0131yor ve bask\u0131 esnas\u0131nda olu\u015fabilecek problemlerden m\u00fc\u015fterilerimizi koruyoruz. Esko HD Flexo D\u00fcnyan\u0131n lider kli\u015fe yaz\u0131l\u0131m \u00fcreticisi Esko\u2019nun HD Flexo yaz\u0131l\u0131mlar\u0131yla, m\u00fc\u015fterilerimizin talep etti\u011fi t\u00fcm tiplerde kli\u015fe haz\u0131rl\u0131\u011f\u0131 yap\u0131yoruz. Esko CDI D\u00fcnya lideri kli\u015fe [&hellip;]","og_url":"https:\/\/www.birlikklise.com.tr\/de\/nasil-yapiyoruz\/","og_site_name":"Birlik Kli\u015fe ve Grafik","article_modified_time":"2022-09-07T21:04:03+00:00","og_image":[{"url":"https:\/\/www.birlikklise.com.tr\/wp-content\/uploads\/2022\/09\/1-300x300.jpg"}],"twitter_card":"summary_large_image","twitter_misc":{"Gesch\u00e4tzte Lesezeit":"1 Minute"},"schema":{"@context":"https:\/\/schema.org","@graph":[{"@type":"WebSite","@id":"https:\/\/www.birlikklise.com.tr\/#website","url":"https:\/\/www.birlikklise.com.tr\/","name":"Birlik Kli\u015fe ve Grafik","description":"birlikklise.com.tr","potentialAction":[{"@type":"SearchAction","target":{"@type":"EntryPoint","urlTemplate":"https:\/\/www.birlikklise.com.tr\/?s={search_term_string}"},"query-input":"required name=search_term_string"}],"inLanguage":"de-DE"},{"@type":"ImageObject","@id":"https:\/\/www.birlikklise.com.tr\/nasil-yapiyoruz\/#primaryimage","inLanguage":"de-DE","url":"https:\/\/www.birlikklise.com.tr\/wp-content\/uploads\/2022\/09\/1.jpg","contentUrl":"https:\/\/www.birlikklise.com.tr\/wp-content\/uploads\/2022\/09\/1.jpg","width":823,"height":671},{"@type":"WebPage","@id":"https:\/\/www.birlikklise.com.tr\/nasil-yapiyoruz\/#webpage","url":"https:\/\/www.birlikklise.com.tr\/nasil-yapiyoruz\/","name":"Nas\u0131l Yap\u0131yoruz? - Birlik Kli\u015fe ve Grafik","isPartOf":{"@id":"https:\/\/www.birlikklise.com.tr\/#website"},"primaryImageOfPage":{"@id":"https:\/\/www.birlikklise.com.tr\/nasil-yapiyoruz\/#primaryimage"},"datePublished":"2022-08-31T03:34:40+00:00","dateModified":"2022-09-07T21:04:03+00:00","breadcrumb":{"@id":"https:\/\/www.birlikklise.com.tr\/nasil-yapiyoruz\/#breadcrumb"},"inLanguage":"de-DE","potentialAction":[{"@type":"ReadAction","target":["https:\/\/www.birlikklise.com.tr\/nasil-yapiyoruz\/"]}]},{"@type":"BreadcrumbList","@id":"https:\/\/www.birlikklise.com.tr\/nasil-yapiyoruz\/#breadcrumb","itemListElement":[{"@type":"ListItem","position":1,"name":"Home","item":"https:\/\/www.birlikklise.com.tr\/"},{"@type":"ListItem","position":2,"name":"Nas\u0131l Yap\u0131yoruz?"}]}]}},"_links":{"self":[{"href":"https:\/\/www.birlikklise.com.tr\/de\/wp-json\/wp\/v2\/pages\/297"}],"collection":[{"href":"https:\/\/www.birlikklise.com.tr\/de\/wp-json\/wp\/v2\/pages"}],"about":[{"href":"https:\/\/www.birlikklise.com.tr\/de\/wp-json\/wp\/v2\/types\/page"}],"author":[{"embeddable":true,"href":"https:\/\/www.birlikklise.com.tr\/de\/wp-json\/wp\/v2\/users\/1"}],"replies":[{"embeddable":true,"href":"https:\/\/www.birlikklise.com.tr\/de\/wp-json\/wp\/v2\/comments?post=297"}],"version-history":[{"count":65,"href":"https:\/\/www.birlikklise.com.tr\/de\/wp-json\/wp\/v2\/pages\/297\/revisions"}],"predecessor-version":[{"id":1208,"href":"https:\/\/www.birlikklise.com.tr\/de\/wp-json\/wp\/v2\/pages\/297\/revisions\/1208"}],"wp:attachment":[{"href":"https:\/\/www.birlikklise.com.tr\/de\/wp-json\/wp\/v2\/media?parent=297"}],"curies":[{"name":"wp","href":"https:\/\/api.w.org\/{rel}","templated":true}]}}