{"id":450,"date":"2022-09-02T01:54:42","date_gmt":"2022-09-02T01:54:42","guid":{"rendered":"https:\/\/www.birlikklise.com.tr\/?page_id=450"},"modified":"2022-09-07T21:00:35","modified_gmt":"2022-09-07T21:00:35","slug":"kime-hizmet-veriyoruz","status":"publish","type":"page","link":"https:\/\/www.birlikklise.com.tr\/en\/kime-hizmet-veriyoruz\/","title":{"rendered":"Our Clients"},"content":{"rendered":"<div data-elementor-type=\"wp-page\" data-elementor-id=\"450\" class=\"elementor elementor-450\">\n\t\t\t\t\t\t<div class=\"elementor-inner\">\n\t\t\t\t<div class=\"elementor-section-wrap\">\n\t\t\t\t\t\t\t\t\t<section class=\"elementor-section elementor-top-section elementor-element elementor-element-c3da88b elementor-section-boxed elementor-section-height-default elementor-section-height-default\" data-id=\"c3da88b\" data-element_type=\"section\">\n\t\t\t\t\t\t<div class=\"elementor-container elementor-column-gap-default\">\n\t\t\t\t\t\t\t<div class=\"elementor-row\">\n\t\t\t\t\t<div class=\"aux-parallax-section elementor-column elementor-col-100 elementor-top-column elementor-element elementor-element-2ae57e4\" data-id=\"2ae57e4\" data-element_type=\"column\">\n\t\t\t<div class=\"elementor-column-wrap elementor-element-populated\">\n\t\t\t\t\t\t\t<div class=\"elementor-widget-wrap\">\n\t\t\t\t\t\t<div class=\"elementor-element elementor-element-129b84b elementor-widget elementor-widget-image\" data-id=\"129b84b\" data-element_type=\"widget\" data-widget_type=\"image.default\">\n\t\t\t\t<div class=\"elementor-widget-container\">\n\t\t\t\t\t\t\t\t<div class=\"elementor-image\">\n\t\t\t\t\t\t\t\t\t\t\t\t<img decoding=\"async\" width=\"2560\" height=\"679\" src=\"https:\/\/www.birlikklise.com.tr\/wp-content\/uploads\/2022\/09\/8-klise-1-scaled.jpg\" class=\"attachment-full size-full\" alt=\"\" loading=\"lazy\" srcset=\"https:\/\/www.birlikklise.com.tr\/wp-content\/uploads\/2022\/09\/8-klise-1-scaled.jpg 2560w, https:\/\/www.birlikklise.com.tr\/wp-content\/uploads\/2022\/09\/8-klise-1-1536x408.jpg 1536w, https:\/\/www.birlikklise.com.tr\/wp-content\/uploads\/2022\/09\/8-klise-1-2048x544.jpg 2048w\" sizes=\"(max-width: 2560px) 100vw, 2560px\" \/>\t\t\t\t\t\t\t\t\t\t\t\t\t\t<\/div>\n\t\t\t\t\t\t<\/div>\n\t\t\t\t<\/div>\n\t\t\t\t<div class=\"elementor-element elementor-element-340ddc5 elementor-widget elementor-widget-heading\" data-id=\"340ddc5\" data-element_type=\"widget\" data-widget_type=\"heading.default\">\n\t\t\t\t<div class=\"elementor-widget-container\">\n\t\t\t<h2 class=\"elementor-heading-title elementor-size-default\">Around the World: We serve to all flexible packaging companies that use flexo printing machines.<\/h2>\t\t<\/div>\n\t\t\t\t<\/div>\n\t\t\t\t\t\t<\/div>\n\t\t\t\t\t<\/div>\n\t\t<\/div>\n\t\t\t\t\t\t\t\t<\/div>\n\t\t\t\t\t<\/div>\n\t\t<\/section>\n\t\t\t\t\t\t\t\t\t<\/div>\n\t\t\t<\/div>\n\t\t\t\t\t<\/div>","protected":false},"excerpt":{"rendered":"<p>Around the World: We serve to all flexible packaging companies that use flexo printing machines.<\/p>","protected":false},"author":1,"featured_media":0,"parent":0,"menu_order":0,"comment_status":"closed","ping_status":"closed","template":"","meta":[],"yoast_head":"<!-- This site is optimized with the Yoast SEO Premium plugin v18.3 (Yoast SEO v18.5.1) - https:\/\/yoast.com\/wordpress\/plugins\/seo\/ -->\n<title>Kime Hizmet Veriyoruz? - Birlik Kli\u015fe ve Grafik<\/title>\n<meta name=\"robots\" content=\"index, follow, max-snippet:-1, max-image-preview:large, max-video-preview:-1\" \/>\n<link rel=\"canonical\" href=\"https:\/\/www.birlikklise.com.tr\/en\/kime-hizmet-veriyoruz\/\" \/>\n<meta property=\"og:locale\" content=\"en_US\" \/>\n<meta property=\"og:type\" content=\"article\" \/>\n<meta property=\"og:title\" content=\"Kime Hizmet Veriyoruz?\" \/>\n<meta property=\"og:description\" content=\"T\u00fcm d\u00fcnyada; flekso bask\u0131 makinesi kullanan t\u00fcm esnek ambalaj firmalar\u0131na hizmet veriyoruz.\" \/>\n<meta property=\"og:url\" content=\"https:\/\/www.birlikklise.com.tr\/en\/kime-hizmet-veriyoruz\/\" \/>\n<meta property=\"og:site_name\" content=\"Birlik Kli\u015fe ve Grafik\" \/>\n<meta property=\"article:modified_time\" content=\"2022-09-07T21:00:35+00:00\" \/>\n<meta property=\"og:image\" content=\"https:\/\/www.birlikklise.com.tr\/wp-content\/uploads\/2022\/09\/8-klise-1-scaled.jpg\" \/>\n<meta name=\"twitter:card\" content=\"summary_large_image\" \/>\n<script type=\"application\/ld+json\" class=\"yoast-schema-graph\">{\"@context\":\"https:\/\/schema.org\",\"@graph\":[{\"@type\":\"WebSite\",\"@id\":\"https:\/\/www.birlikklise.com.tr\/#website\",\"url\":\"https:\/\/www.birlikklise.com.tr\/\",\"name\":\"Birlik Kli\u015fe ve Grafik\",\"description\":\"birlikklise.com.tr\",\"potentialAction\":[{\"@type\":\"SearchAction\",\"target\":{\"@type\":\"EntryPoint\",\"urlTemplate\":\"https:\/\/www.birlikklise.com.tr\/?s={search_term_string}\"},\"query-input\":\"required name=search_term_string\"}],\"inLanguage\":\"en-US\"},{\"@type\":\"ImageObject\",\"@id\":\"https:\/\/www.birlikklise.com.tr\/de\/kime-hizmet-veriyoruz\/#primaryimage\",\"inLanguage\":\"en-US\",\"url\":\"https:\/\/www.birlikklise.com.tr\/wp-content\/uploads\/2022\/09\/8-klise-1-scaled.jpg\",\"contentUrl\":\"https:\/\/www.birlikklise.com.tr\/wp-content\/uploads\/2022\/09\/8-klise-1-scaled.jpg\",\"width\":2560,\"height\":679},{\"@type\":\"WebPage\",\"@id\":\"https:\/\/www.birlikklise.com.tr\/de\/kime-hizmet-veriyoruz\/#webpage\",\"url\":\"https:\/\/www.birlikklise.com.tr\/de\/kime-hizmet-veriyoruz\/\",\"name\":\"Kime Hizmet Veriyoruz? - Birlik Kli\u015fe ve Grafik\",\"isPartOf\":{\"@id\":\"https:\/\/www.birlikklise.com.tr\/#website\"},\"primaryImageOfPage\":{\"@id\":\"https:\/\/www.birlikklise.com.tr\/de\/kime-hizmet-veriyoruz\/#primaryimage\"},\"datePublished\":\"2022-09-02T01:54:42+00:00\",\"dateModified\":\"2022-09-07T21:00:35+00:00\",\"breadcrumb\":{\"@id\":\"https:\/\/www.birlikklise.com.tr\/de\/kime-hizmet-veriyoruz\/#breadcrumb\"},\"inLanguage\":\"en-US\",\"potentialAction\":[{\"@type\":\"ReadAction\",\"target\":[\"https:\/\/www.birlikklise.com.tr\/de\/kime-hizmet-veriyoruz\/\"]}]},{\"@type\":\"BreadcrumbList\",\"@id\":\"https:\/\/www.birlikklise.com.tr\/de\/kime-hizmet-veriyoruz\/#breadcrumb\",\"itemListElement\":[{\"@type\":\"ListItem\",\"position\":1,\"name\":\"Home\",\"item\":\"https:\/\/www.birlikklise.com.tr\/\"},{\"@type\":\"ListItem\",\"position\":2,\"name\":\"Kime Hizmet Veriyoruz?\"}]}]}<\/script>\n<!-- \/ Yoast SEO Premium plugin. -->","yoast_head_json":{"title":"Kime Hizmet Veriyoruz? - Birlik Kli\u015fe ve Grafik","robots":{"index":"index","follow":"follow","max-snippet":"max-snippet:-1","max-image-preview":"max-image-preview:large","max-video-preview":"max-video-preview:-1"},"canonical":"https:\/\/www.birlikklise.com.tr\/en\/kime-hizmet-veriyoruz\/","og_locale":"en_US","og_type":"article","og_title":"Kime Hizmet Veriyoruz?","og_description":"T\u00fcm d\u00fcnyada; flekso bask\u0131 makinesi kullanan t\u00fcm esnek ambalaj firmalar\u0131na hizmet veriyoruz.","og_url":"https:\/\/www.birlikklise.com.tr\/en\/kime-hizmet-veriyoruz\/","og_site_name":"Birlik Kli\u015fe ve Grafik","article_modified_time":"2022-09-07T21:00:35+00:00","og_image":[{"url":"https:\/\/www.birlikklise.com.tr\/wp-content\/uploads\/2022\/09\/8-klise-1-scaled.jpg"}],"twitter_card":"summary_large_image","schema":{"@context":"https:\/\/schema.org","@graph":[{"@type":"WebSite","@id":"https:\/\/www.birlikklise.com.tr\/#website","url":"https:\/\/www.birlikklise.com.tr\/","name":"Birlik Kli\u015fe ve Grafik","description":"birlikklise.com.tr","potentialAction":[{"@type":"SearchAction","target":{"@type":"EntryPoint","urlTemplate":"https:\/\/www.birlikklise.com.tr\/?s={search_term_string}"},"query-input":"required name=search_term_string"}],"inLanguage":"en-US"},{"@type":"ImageObject","@id":"https:\/\/www.birlikklise.com.tr\/de\/kime-hizmet-veriyoruz\/#primaryimage","inLanguage":"en-US","url":"https:\/\/www.birlikklise.com.tr\/wp-content\/uploads\/2022\/09\/8-klise-1-scaled.jpg","contentUrl":"https:\/\/www.birlikklise.com.tr\/wp-content\/uploads\/2022\/09\/8-klise-1-scaled.jpg","width":2560,"height":679},{"@type":"WebPage","@id":"https:\/\/www.birlikklise.com.tr\/de\/kime-hizmet-veriyoruz\/#webpage","url":"https:\/\/www.birlikklise.com.tr\/de\/kime-hizmet-veriyoruz\/","name":"Kime Hizmet Veriyoruz? - Birlik Kli\u015fe ve Grafik","isPartOf":{"@id":"https:\/\/www.birlikklise.com.tr\/#website"},"primaryImageOfPage":{"@id":"https:\/\/www.birlikklise.com.tr\/de\/kime-hizmet-veriyoruz\/#primaryimage"},"datePublished":"2022-09-02T01:54:42+00:00","dateModified":"2022-09-07T21:00:35+00:00","breadcrumb":{"@id":"https:\/\/www.birlikklise.com.tr\/de\/kime-hizmet-veriyoruz\/#breadcrumb"},"inLanguage":"en-US","potentialAction":[{"@type":"ReadAction","target":["https:\/\/www.birlikklise.com.tr\/de\/kime-hizmet-veriyoruz\/"]}]},{"@type":"BreadcrumbList","@id":"https:\/\/www.birlikklise.com.tr\/de\/kime-hizmet-veriyoruz\/#breadcrumb","itemListElement":[{"@type":"ListItem","position":1,"name":"Home","item":"https:\/\/www.birlikklise.com.tr\/"},{"@type":"ListItem","position":2,"name":"Kime Hizmet Veriyoruz?"}]}]}},"_links":{"self":[{"href":"https:\/\/www.birlikklise.com.tr\/en\/wp-json\/wp\/v2\/pages\/450"}],"collection":[{"href":"https:\/\/www.birlikklise.com.tr\/en\/wp-json\/wp\/v2\/pages"}],"about":[{"href":"https:\/\/www.birlikklise.com.tr\/en\/wp-json\/wp\/v2\/types\/page"}],"author":[{"embeddable":true,"href":"https:\/\/www.birlikklise.com.tr\/en\/wp-json\/wp\/v2\/users\/1"}],"replies":[{"embeddable":true,"href":"https:\/\/www.birlikklise.com.tr\/en\/wp-json\/wp\/v2\/comments?post=450"}],"version-history":[{"count":16,"href":"https:\/\/www.birlikklise.com.tr\/en\/wp-json\/wp\/v2\/pages\/450\/revisions"}],"predecessor-version":[{"id":1202,"href":"https:\/\/www.birlikklise.com.tr\/en\/wp-json\/wp\/v2\/pages\/450\/revisions\/1202"}],"wp:attachment":[{"href":"https:\/\/www.birlikklise.com.tr\/en\/wp-json\/wp\/v2\/media?parent=450"}],"curies":[{"name":"wp","href":"https:\/\/api.w.org\/{rel}","templated":true}]}}